{"id":3125,"date":"2023-05-31T12:34:02","date_gmt":"2023-05-31T10:34:02","guid":{"rendered":"https:\/\/www.chateau-clerc-milon.com\/%e6%b3%95%e7%9a%84%e4%ba%8b%e9%a0%85\/"},"modified":"2026-04-21T17:44:25","modified_gmt":"2026-04-21T15:44:25","slug":"legal","status":"publish","type":"page","link":"https:\/\/www.chateau-clerc-milon.com\/ja\/legal\/","title":{"rendered":"\u6cd5\u7684\u4e8b\u9805"},"content":{"rendered":"\n<section class=\"bg-gray-cl pb-30 pt-60 mainpolitique\"><div class=\"container-fx\">\n        <div class=\"wp-txt\">\n            <h3>\u60c5\u5831\u3068\u9152\u985e<\/h3>\n            <p>Baron Philippe de Rothschild S.A.\uff08\u30d0\u30ed\u30f3\u30fb\u30d5\u30a3\u30ea\u30c3\u30d7\u30fb\u30c9\u30fb\u30ed\u30b9\u30c1\u30e3\u30a4\u30eb\u30c9\u793e\uff09\u306f\u3001\u5c45\u4f4f\u56fd\u306e\u6cd5\u5f8b\u306b\u5b9a\u3081\u3089\u308c\u305f\u5fc5\u8981\u6761\u4ef6\u3092\u6e80\u305f\u3057\u3066\u3044\u308b\u30b5\u30a4\u30c8\u8a2a\u554f\u8005\u306b\u9650\u308a\u3001\u79c1\u7684\u306a\u4f7f\u7528\u306b\u4f9b\u3055\u308c\u308b\u7bc4\u56f2\u306b\u304a\u3044\u3066\u3001\u672c\u30a4\u30f3\u30bf\u30fc\u30cd\u30c3\u30c8\u30b5\u30a4\u30c8\u306e\u95b2\u89a7\u3092\u8a31\u53ef\u3057\u307e\u3059\u3002<\/p>\n            <h3>\u30b3\u30d4\u30fc\u30e9\u30a4\u30c8<\/h3>\n            <p>\u00a92023 \u2013 Baron Philippe de Rothschild S.A.<\/p>\n            <h3>\u4f1a\u793e\u6982\u8981<\/h3>\n            <p>Baron Philippe de Rothschild S.A.\uff08\u30d0\u30ed\u30f3\u30fb\u30d5\u30a3\u30ea\u30c3\u30d7\u30fb\u30c9\u30fb\u30ed\u30b9\u30c1\u30e3\u30a4\u30eb\u30c9\u793e\uff09\n                \u30d5\u30e9\u30f3\u30b9\u56fd\u6709\u9650\u8cac\u4efb\u682a\u5f0f\u4f1a\u793e<br\/>\n                \u8cc7\u672c\u91d1\uff1a625\u4e07\u30e6\u30fc\u30ed<br\/>\n                \u672c\u793e\u6240\u5728\u5730\uff1arue de Grassi &#8211; 33250 Pauillac<br\/>\n                \u96fb\u8a71\u756a\u53f7\uff1a + 33 (0)5 56 73 20 20<br\/>\n                \u30d5\u30a1\u30af\u30b9\u756a\u53f7\uff1a + 33 (0)5 56 73 20 44<br\/>\n                RCS Bordeaux : B 459 202 644<br\/>\n               \u793e\u9577\u517cCEO \uff08\u6700\u9ad8\u7d4c\u55b6\u8cac\u4efb\u8005\uff09\uff1a Philippe Sereys de Rothschild<br\/>\n                \u57f7\u884c\u5f79\uff1a V\u00e9ronique Hombroekx, Ariane Khaida et Emmanuel Fourton<br\/>\n                \u30d1\u30d6\u30ea\u30c3\u30b7\u30f3\u30b0\u30de\u30cd\u30fc\u30b8\u30e3\u30fc\uff1a Ariane Khaida<\/p>\n            <h3>\u8457\u4f5c\u6a29\u306b\u3064\u3044\u3066<\/h3>\n            <p>Baron Philippe de Rothschild S.A.\uff08\u30d0\u30ed\u30f3\u30fb\u30d5\u30a3\u30ea\u30c3\u30d7\u30fb\u30c9\u30fb\u30ed\u30b9\u30c1\u30e3\u30a4\u30eb\u30c9\u793e\uff09\u306f\u3001\u672c\u30b5\u30a4\u30c8\u3067\u4f7f\u308f\u308c\u3066\u3044\u308b\u30ed\u30b4\u30de\u30fc\u30af\uff08\u30ed\u30b4\u30bf\u30a4\u30d7\uff09\u3001\u8457\u4f5c\u6a29\u3001\u7523\u696d\u8ca1\u7523\u6a29\u3001\u305d\u306e\u4ed6\u77e5\u7684\u8ca1\u7523\u6a29\u3092\u72ec\u5360\u7684\u306b\u6240\u6709\u3057\u3066\u3044\u307e\u3059\u3002\u7b2c\u4e09\u8005\u304c\u4e8b\u524d\u306e\u627f\u8afe\u3092\u5f97\u305a\u306b\u3053\u308c\u3089\u8af8\u6a29\u5229\u306e\u5168\u90e8\u3082\u3057\u304f\u306f\u4e00\u90e8\u3092\u4f7f\u7528\u3057\u305f\u5834\u5408\u306b\u306f\u6cd5\u7684\u63aa\u7f6e\u3092\u53d6\u308b\u3053\u3068\u304c\u3067\u304d\u307e\u3059\u3002\n                <br\/>\u672c\u30b5\u30a4\u30c8\u306f\u3001Baron Philippe de Rothschild S.A.\uff08\u30d0\u30ed\u30f3\u30fb\u30d5\u30a3\u30ea\u30c3\u30d7\u30fb\u30c9\u30fb\u30ed\u30b9\u30c1\u30e3\u30a4\u30eb\u30c9\u793e\uff09\u304c\u5236\u4f5c\u3057\u3066\u3044\u307e\u3059\u3002\u672c\u30b5\u30a4\u30c8\u306fSystonic\uff08\u6240\u5728\u5730\uff1a10 rue Thomas Edison &#8211; 33600 PESSAC, France \u96fb\u8a71\u756a\u53f7\uff1a+ 33 (0)5 57 26 44 44\uff09\u306e\u30db\u30b9\u30c6\u30a3\u30f3\u30b0\u30b5\u30fc\u30d0\u30b5\u30fc\u30d3\u30b9\u3092\u5229\u7528\u3057\u3066\u3044\u307e\u3059\u3002\n            <\/p>\n            <h3>\u5546\u6a19\u306b\u3064\u3044\u3066<\/h3>\n            <p>\u672c\u30b5\u30a4\u30c8\u3067\u4f7f\u308f\u308c\u3066\u3044\u308b\u5546\u6a19\u304a\u3088\u3073\u30ed\u30b4\u30de\u30fc\u30af\uff08\u30ed\u30b4\u30bf\u30a4\u30d7\uff09\u306f\u3001Baron Philippe de Rothschild S.A.\uff08\u30d0\u30ed\u30f3\u30fb\u30d5\u30a3\u30ea\u30c3\u30d7\u30fb\u30c9\u30fb\u30ed\u30b9\u30c1\u30e3\u30a4\u30eb\u30c9\u793e\uff09\u306e\u5546\u6a19\u3067\u3042\u308a\u3001\u5546\u6a19\u6240\u6709\u8005\u306e\u66f8\u9762\u306b\u3088\u308b\u4e8b\u524d\u306e\u8a31\u53ef\u306a\u304f\u3001\u5ba3\u4f1d\u76ee\u7684\u306e\u4f7f\u7528\u6a29\u3092\u4ed8\u4e0e\u3055\u308c\u308b\u3053\u3068\u306f\u3042\u308a\u307e\u305b\u3093\u3002\u672c\u30b5\u30a4\u30c8\u306b\u8a18\u8f09\u3055\u308c\u3066\u3044\u308b\u3059\u3079\u3066\u306e\u5185\u5bb9\u306b\u95a2\u3057\u3001\u30d5\u30e9\u30f3\u30b9\u56fd\u5185\u30fb\u56fd\u5916\u554f\u308f\u305a\u3001\u77e5\u7684\u8ca1\u7523\u306b\u95a2\u3059\u308b\u73fe\u884c\u6cd5\u898f\u306b\u57fa\u3065\u304d\u3001\u305d\u306e\u3059\u3079\u3066\u3042\u308b\u3044\u306f\u4e00\u90e8\u306e\u8907\u88fd\u30fb\u8ee2\u7528\u3092\u7981\u3058\u307e\u3059\u3002<\/p>\n            <h3>\u30ea\u30f3\u30af\u306b\u3064\u3044\u3066<\/h3>\n            <p>\u30a4\u30f3\u30bf\u30fc\u30cd\u30c3\u30c8\u4e0a\u306e\u672c\u30b5\u30a4\u30c8\u4ee5\u5916\u306b\u63b2\u793a\u3055\u308c\u305fBaron Philippe de Rothschild S.A.\uff08\u30d0\u30ed\u30f3\u30fb\u30d5\u30a3\u30ea\u30c3\u30d7\u30fb\u30c9\u30fb\u30ed\u30b9\u30c1\u30e3\u30a4\u30eb\u30c9\u793e\uff09\u306b\u95a2\u3059\u308b\u60c5\u5831\u306f\u3001\u3044\u304b\u306a\u308b\u3082\u306e\u3067\u3042\u3063\u3066\u3082\u3001\u5f53\u793e\u306e\u8a31\u53ef\u3084\u7d71\u5236\u3092\u53d7\u3051\u308b\u3053\u3068\u306a\u304f\u767a\u4fe1\u3055\u308c\u305f\u3082\u306e\u3067\u3042\u308a\u3001\u304b\u304b\u308b\u60c5\u5831\u306b\u95a2\u3057\u5f53\u793e\u306f\u8cac\u4efb\u3092\u8ca0\u3044\u307e\u305b\u3093\u3002<br\/>\n                Baron Philippe de Rothschild S.A.\uff08\u30d0\u30ed\u30f3\u30fb\u30d5\u30a3\u30ea\u30c3\u30d7\u30fb\u30c9\u30fb\u30ed\u30b9\u30c1\u30e3\u30a4\u30eb\u30c9\u793e\uff09\u306f\u3001\u672c\u30b5\u30a4\u30c8\u3092\u901a\u3058\u3066\u30a2\u30af\u30bb\u30b9\u304c\u53ef\u80fd\u306a\u3044\u304b\u306a\u308b\u30b5\u30a4\u30c8\u306b\u95a2\u3057\u3066\u3082\u4fdd\u8a3c\u306f\u3057\u307e\u305b\u3093\u3002Baron Philippe de Rothschild S.A.\uff08\u30d0\u30ed\u30f3\u30fb\u30d5\u30a3\u30ea\u30c3\u30d7\u30fb\u30c9\u30fb\u30ed\u30b9\u30c1\u30e3\u30a4\u30eb\u30c9\u793e\uff09\u306f\u3001\u304b\u304b\u308b\u30b5\u30a4\u30c8\u306e\u30b3\u30f3\u30c6\u30f3\u30c4\u3092\u5236\u5fa1\u3059\u308b\u6a29\u5229\u306f\u306a\u304f\u3001\u5f93\u3063\u3066\u305d\u308c\u306b\u95a2\u9023\u3057\u3066\u8cac\u4efb\u3092\u8ca0\u3044\u307e\u305b\u3093\u3002<br\/>\n                Baron Philippe de Rothschild S.A.\uff08\u30d0\u30ed\u30f3\u30fb\u30d5\u30a3\u30ea\u30c3\u30d7\u30fb\u30c9\u30fb\u30ed\u30b9\u30c1\u30e3\u30a4\u30eb\u30c9\u793e\uff09\u306f\u3001\u672c\u30a4\u30f3\u30bf\u30fc\u30cd\u30c3\u30c8\u30b5\u30a4\u30c8\u307e\u305f\u306f\u30ea\u30f3\u30af\u5148\u306e\u30b5\u30a4\u30c8\u306e\u4f7f\u7528\u306b\u3088\u308a\u3001\u5229\u7528\u8005\u306e\u60c5\u5831\u30b7\u30b9\u30c6\u30e0\u5185\u306e\u30d7\u30ed\u30b0\u30e9\u30e0\u3084\u30c7\u30fc\u30bf\u304c\u5931\u308f\u308c\u305f\u308a\u3001\u7d4c\u6e08\u7684\u307e\u305f\u306f\u5546\u696d\u4e0a\u306e\u4e0d\u5229\u76ca\u3092\u88ab\u308b\u3053\u3068\u3092\u306f\u3058\u3081\u3068\u3057\u305f\u3001\u76f4\u63a5\u7684\u3001\u9593\u63a5\u7684\u3001\u307e\u305f\u306f\u7279\u5b9a\u306e\u640d\u5931\u304c\u751f\u3058\u308b\u53ef\u80fd\u6027\u304c\u3042\u308b\u3053\u3068\u3092\u8a8d\u8b58\u3057\u3066\u3044\u307e\u3059\u304c\u3001\u305d\u308c\u306b\u5bfe\u3057\u3066\u8cac\u4efb\u3092\u8ca0\u3046\u3053\u3068\u306f\u3042\u308a\u307e\u305b\u3093\u3002<\/p>\n        <\/div>\n    <\/div>\n<\/section><section class=\"bg-gray-cl2  pb-30 pt-30 mainpolitique speclegal\"><div class=\"container-fx\">\n        <div class=\"wp-txt\">\n            <h3>\u30af\u30ec\u30b8\u30c3\u30c8<\/h3>\n            <p><strong>\u30db\u30b9\u30c6\u30a3\u30f3\u30b0\u30b5\u30fc\u30d0\uff1a<\/strong><br\/>\n                Systonic \u2013 10 rue Thomas Edison \u2013 33600 PESSAC<\/p>\n            <p><strong>WEB\u30c7\u30b6\u30a4\u30f3\u5236\u4f5c\uff1a <\/strong><br\/>\n                L\u2019agence Bespoke (Nouvoduo SARL), Baron Philippe de Rothschild S.A.<\/p>\n            <p><strong>\u5199\u771f\uff1a<\/strong><br\/>\n                Julie Rey, Mathieu Anglada (Saison d\u2019Or), Alain Beno\u00eet (Deepix), Baron Philippe de Rothschild S.A., Clerc Milon vers 1867 _ reproduction Adrienne Barroche _ Auteur Alfred Danflou copyright R\u00e9gion Nouvelle Aquitaine Inventaire G\u00e9n\u00e9ral du patrimoine culturel _ Conseil d\u00e9partemental de la Gironde<\/p>\n            <p><strong>\u52d5\u753b\uff1a<\/strong><br\/>\n                Saison d\u2019Or<\/p>\n<p><strong>License Apache\uff1a<\/strong><br\/>\n                Copyright [2023] [Baron Philippe de Rothschild S.A.]\nLicensed under the Apache License, Version 2.0 (the \u201cLicense\u201d); \nyou may not use this file except in compliance with the License. \nYou may obtain a copy of the License at \nhttp:\/\/www.apache.org\/licenses\/LICENSE-2.0\nUnless required by applicable law or agreed to in writing, software distributed under the License is distributed on an \u201cAI IS\u201d BASIS, WITHOUT WARRANTIES OR CONDITIONS OF ANY KIND, either express or implied. \nSee the License for the specific language governing permissions and limitations under the License. \n<\/p>\n        <\/div>\n    <\/div>\n<\/section>\n","protected":false},"excerpt":{"rendered":"<p>\u60c5\u5831\u3068\u9152\u985e Baron Philippe de Rothschild S.A.\uff08\u30d0\u30ed\u30f3\u30fb\u30d5\u30a3\u30ea\u30c3\u30d7\u30fb\u30c9\u30fb\u30ed\u30b9\u30c1\u30e3\u30a4\u30eb\u30c9\u793e\uff09\u306f\u3001\u5c45\u4f4f\u56fd\u306e\u6cd5\u5f8b\u306b\u5b9a\u3081\u3089\u308c\u305f\u5fc5\u8981\u6761\u4ef6\u3092\u6e80\u305f\u3057\u3066\u3044\u308b\u30b5\u30a4\u30c8\u8a2a\u554f\u8005\u306b\u9650\u308a\u3001\u79c1\u7684\u306a\u4f7f\u7528\u306b\u4f9b\u3055\u308c\u308b\u7bc4\u56f2\u306b\u304a [&hellip;]<\/p>\n","protected":false},"author":5,"featured_media":3021,"parent":0,"menu_order":0,"comment_status":"closed","ping_status":"closed","template":"","meta":{"inline_featured_image":false,"footnotes":""},"acf":[],"yoast_head":"<!-- This site is optimized with the Yoast SEO plugin v21.4 - https:\/\/yoast.com\/wordpress\/plugins\/seo\/ -->\n<title>\u30b7\u30e3\u30c8\u30fc \u30af\u30ec\u30fc\u30eb \u30df\u30ed\u30f3\u3000\u6cd5\u7684\u4e8b\u9805<\/title>\n<meta name=\"description\" content=\"\u30b7\u30e3\u30c8\u30fc \u30af\u30ec\u30fc\u30eb \u30df\u30ed\u30f3\u516c\u5f0f\u30b5\u30a4\u30c8\u6cd5\u7684\u4e8b\u9805\u3092\u78ba\u8a8d\u3059\u308b\" \/>\n<meta name=\"robots\" content=\"index, follow, max-snippet:-1, max-image-preview:large, max-video-preview:-1\" \/>\n<link rel=\"canonical\" href=\"https:\/\/www.chateau-clerc-milon.com\/ja\/legal\/\" \/>\n<meta property=\"og:locale\" content=\"ja_JP\" \/>\n<meta property=\"og:type\" content=\"article\" \/>\n<meta property=\"og:title\" content=\"\u30b7\u30e3\u30c8\u30fc \u30af\u30ec\u30fc\u30eb \u30df\u30ed\u30f3\u3000\u6cd5\u7684\u4e8b\u9805\" \/>\n<meta property=\"og:description\" content=\"\u30b7\u30e3\u30c8\u30fc \u30af\u30ec\u30fc\u30eb \u30df\u30ed\u30f3\u516c\u5f0f\u30b5\u30a4\u30c8\u6cd5\u7684\u4e8b\u9805\u3092\u78ba\u8a8d\u3059\u308b\" \/>\n<meta property=\"og:url\" content=\"https:\/\/www.chateau-clerc-milon.com\/ja\/legal\/\" \/>\n<meta property=\"og:site_name\" content=\"Clerc Milon\" \/>\n<meta property=\"article:modified_time\" content=\"2026-04-21T15:44:25+00:00\" \/>\n<meta property=\"og:image\" content=\"https:\/\/www.chateau-clerc-milon.com\/wp-content\/uploads\/2023\/08\/img-politique-scaled.jpg\" \/>\n\t<meta property=\"og:image:width\" content=\"2560\" \/>\n\t<meta property=\"og:image:height\" content=\"581\" \/>\n\t<meta property=\"og:image:type\" content=\"image\/jpeg\" \/>\n<meta name=\"twitter:card\" content=\"summary_large_image\" \/>\n<meta name=\"twitter:label1\" content=\"\u63a8\u5b9a\u8aad\u307f\u53d6\u308a\u6642\u9593\" \/>\n\t<meta name=\"twitter:data1\" content=\"2\u5206\" \/>\n<script type=\"application\/ld+json\" class=\"yoast-schema-graph\">{\"@context\":\"https:\/\/schema.org\",\"@graph\":[{\"@type\":\"WebPage\",\"@id\":\"https:\/\/www.chateau-clerc-milon.com\/ja\/legal\/\",\"url\":\"https:\/\/www.chateau-clerc-milon.com\/ja\/legal\/\",\"name\":\"\u30b7\u30e3\u30c8\u30fc \u30af\u30ec\u30fc\u30eb \u30df\u30ed\u30f3\u3000\u6cd5\u7684\u4e8b\u9805\",\"isPartOf\":{\"@id\":\"https:\/\/www.chateau-clerc-milon.com\/ja\/#website\"},\"datePublished\":\"2023-05-31T10:34:02+00:00\",\"dateModified\":\"2026-04-21T15:44:25+00:00\",\"description\":\"\u30b7\u30e3\u30c8\u30fc \u30af\u30ec\u30fc\u30eb \u30df\u30ed\u30f3\u516c\u5f0f\u30b5\u30a4\u30c8\u6cd5\u7684\u4e8b\u9805\u3092\u78ba\u8a8d\u3059\u308b\",\"breadcrumb\":{\"@id\":\"https:\/\/www.chateau-clerc-milon.com\/ja\/legal\/#breadcrumb\"},\"inLanguage\":\"ja\",\"potentialAction\":[{\"@type\":\"ReadAction\",\"target\":[\"https:\/\/www.chateau-clerc-milon.com\/ja\/legal\/\"]}]},{\"@type\":\"BreadcrumbList\",\"@id\":\"https:\/\/www.chateau-clerc-milon.com\/ja\/legal\/#breadcrumb\",\"itemListElement\":[{\"@type\":\"ListItem\",\"position\":1,\"name\":\"Accueil\",\"item\":\"https:\/\/www.chateau-clerc-milon.com\/ja\/\"},{\"@type\":\"ListItem\",\"position\":2,\"name\":\"\u6cd5\u7684\u4e8b\u9805\"}]},{\"@type\":\"WebSite\",\"@id\":\"https:\/\/www.chateau-clerc-milon.com\/ja\/#website\",\"url\":\"https:\/\/www.chateau-clerc-milon.com\/ja\/\",\"name\":\"Clerc Milon\",\"description\":\"\",\"potentialAction\":[{\"@type\":\"SearchAction\",\"target\":{\"@type\":\"EntryPoint\",\"urlTemplate\":\"https:\/\/www.chateau-clerc-milon.com\/ja\/?s={search_term_string}\"},\"query-input\":\"required name=search_term_string\"}],\"inLanguage\":\"ja\"}]}<\/script>\n<!-- \/ Yoast SEO plugin. -->","yoast_head_json":{"title":"\u30b7\u30e3\u30c8\u30fc \u30af\u30ec\u30fc\u30eb \u30df\u30ed\u30f3\u3000\u6cd5\u7684\u4e8b\u9805","description":"\u30b7\u30e3\u30c8\u30fc \u30af\u30ec\u30fc\u30eb \u30df\u30ed\u30f3\u516c\u5f0f\u30b5\u30a4\u30c8\u6cd5\u7684\u4e8b\u9805\u3092\u78ba\u8a8d\u3059\u308b","robots":{"index":"index","follow":"follow","max-snippet":"max-snippet:-1","max-image-preview":"max-image-preview:large","max-video-preview":"max-video-preview:-1"},"canonical":"https:\/\/www.chateau-clerc-milon.com\/ja\/legal\/","og_locale":"ja_JP","og_type":"article","og_title":"\u30b7\u30e3\u30c8\u30fc \u30af\u30ec\u30fc\u30eb \u30df\u30ed\u30f3\u3000\u6cd5\u7684\u4e8b\u9805","og_description":"\u30b7\u30e3\u30c8\u30fc \u30af\u30ec\u30fc\u30eb \u30df\u30ed\u30f3\u516c\u5f0f\u30b5\u30a4\u30c8\u6cd5\u7684\u4e8b\u9805\u3092\u78ba\u8a8d\u3059\u308b","og_url":"https:\/\/www.chateau-clerc-milon.com\/ja\/legal\/","og_site_name":"Clerc Milon","article_modified_time":"2026-04-21T15:44:25+00:00","og_image":[{"width":2560,"height":581,"url":"https:\/\/www.chateau-clerc-milon.com\/wp-content\/uploads\/2023\/08\/img-politique-scaled.jpg","type":"image\/jpeg"}],"twitter_card":"summary_large_image","twitter_misc":{"\u63a8\u5b9a\u8aad\u307f\u53d6\u308a\u6642\u9593":"2\u5206"},"schema":{"@context":"https:\/\/schema.org","@graph":[{"@type":"WebPage","@id":"https:\/\/www.chateau-clerc-milon.com\/ja\/legal\/","url":"https:\/\/www.chateau-clerc-milon.com\/ja\/legal\/","name":"\u30b7\u30e3\u30c8\u30fc \u30af\u30ec\u30fc\u30eb \u30df\u30ed\u30f3\u3000\u6cd5\u7684\u4e8b\u9805","isPartOf":{"@id":"https:\/\/www.chateau-clerc-milon.com\/ja\/#website"},"datePublished":"2023-05-31T10:34:02+00:00","dateModified":"2026-04-21T15:44:25+00:00","description":"\u30b7\u30e3\u30c8\u30fc \u30af\u30ec\u30fc\u30eb \u30df\u30ed\u30f3\u516c\u5f0f\u30b5\u30a4\u30c8\u6cd5\u7684\u4e8b\u9805\u3092\u78ba\u8a8d\u3059\u308b","breadcrumb":{"@id":"https:\/\/www.chateau-clerc-milon.com\/ja\/legal\/#breadcrumb"},"inLanguage":"ja","potentialAction":[{"@type":"ReadAction","target":["https:\/\/www.chateau-clerc-milon.com\/ja\/legal\/"]}]},{"@type":"BreadcrumbList","@id":"https:\/\/www.chateau-clerc-milon.com\/ja\/legal\/#breadcrumb","itemListElement":[{"@type":"ListItem","position":1,"name":"Accueil","item":"https:\/\/www.chateau-clerc-milon.com\/ja\/"},{"@type":"ListItem","position":2,"name":"\u6cd5\u7684\u4e8b\u9805"}]},{"@type":"WebSite","@id":"https:\/\/www.chateau-clerc-milon.com\/ja\/#website","url":"https:\/\/www.chateau-clerc-milon.com\/ja\/","name":"Clerc Milon","description":"","potentialAction":[{"@type":"SearchAction","target":{"@type":"EntryPoint","urlTemplate":"https:\/\/www.chateau-clerc-milon.com\/ja\/?s={search_term_string}"},"query-input":"required name=search_term_string"}],"inLanguage":"ja"}]}},"_links":{"self":[{"href":"https:\/\/www.chateau-clerc-milon.com\/ja\/wp-json\/wp\/v2\/pages\/3125"}],"collection":[{"href":"https:\/\/www.chateau-clerc-milon.com\/ja\/wp-json\/wp\/v2\/pages"}],"about":[{"href":"https:\/\/www.chateau-clerc-milon.com\/ja\/wp-json\/wp\/v2\/types\/page"}],"author":[{"embeddable":true,"href":"https:\/\/www.chateau-clerc-milon.com\/ja\/wp-json\/wp\/v2\/users\/5"}],"replies":[{"embeddable":true,"href":"https:\/\/www.chateau-clerc-milon.com\/ja\/wp-json\/wp\/v2\/comments?post=3125"}],"version-history":[{"count":4,"href":"https:\/\/www.chateau-clerc-milon.com\/ja\/wp-json\/wp\/v2\/pages\/3125\/revisions"}],"predecessor-version":[{"id":8963,"href":"https:\/\/www.chateau-clerc-milon.com\/ja\/wp-json\/wp\/v2\/pages\/3125\/revisions\/8963"}],"wp:featuredmedia":[{"embeddable":true,"href":"https:\/\/www.chateau-clerc-milon.com\/ja\/wp-json\/wp\/v2\/media\/3021"}],"wp:attachment":[{"href":"https:\/\/www.chateau-clerc-milon.com\/ja\/wp-json\/wp\/v2\/media?parent=3125"}],"curies":[{"name":"wp","href":"https:\/\/api.w.org\/{rel}","templated":true}]}}