{"id":42,"date":"2023-05-31T13:17:44","date_gmt":"2023-05-31T11:17:44","guid":{"rendered":"https:\/\/www.chateau-clerc-milon.com\/?page_id=42"},"modified":"2023-10-05T14:08:27","modified_gmt":"2023-10-05T12:08:27","slug":"contact","status":"publish","type":"page","link":"https:\/\/www.chateau-clerc-milon.com\/fr\/contact\/","title":{"rendered":"Contact"},"content":{"rendered":"","protected":false},"excerpt":{"rendered":"","protected":false},"author":5,"featured_media":0,"parent":0,"menu_order":0,"comment_status":"closed","ping_status":"closed","template":"templates\/tpl-contact.php","meta":{"inline_featured_image":false,"footnotes":""},"acf":[],"yoast_head":"<!-- This site is optimized with the Yoast SEO plugin v21.4 - https:\/\/yoast.com\/wordpress\/plugins\/seo\/ -->\n<title>Ch\u00e2teau Clerc Milon, nous contacter<\/title>\n<meta name=\"description\" content=\"Pour contacter l&#039;\u00e9quipe de Ch\u00e2teau Clerc Milon, veuillez remplir le formulaire de contact.\" \/>\n<meta name=\"robots\" content=\"index, follow, max-snippet:-1, max-image-preview:large, max-video-preview:-1\" \/>\n<link rel=\"canonical\" href=\"https:\/\/www.chateau-clerc-milon.com\/fr\/contact\/\" \/>\n<meta property=\"og:locale\" content=\"fr_FR\" \/>\n<meta property=\"og:type\" content=\"article\" \/>\n<meta property=\"og:title\" content=\"Ch\u00e2teau Clerc Milon, nous contacter\" \/>\n<meta property=\"og:description\" content=\"Pour contacter l&#039;\u00e9quipe de Ch\u00e2teau Clerc Milon, veuillez remplir le formulaire de contact.\" \/>\n<meta property=\"og:url\" content=\"https:\/\/www.chateau-clerc-milon.com\/fr\/contact\/\" \/>\n<meta property=\"og:site_name\" content=\"Clerc Milon\" \/>\n<meta property=\"article:modified_time\" content=\"2023-10-05T12:08:27+00:00\" \/>\n<meta name=\"twitter:card\" content=\"summary_large_image\" \/>\n<script type=\"application\/ld+json\" class=\"yoast-schema-graph\">{\"@context\":\"https:\/\/schema.org\",\"@graph\":[{\"@type\":\"WebPage\",\"@id\":\"https:\/\/www.chateau-clerc-milon.com\/fr\/contact\/\",\"url\":\"https:\/\/www.chateau-clerc-milon.com\/fr\/contact\/\",\"name\":\"Ch\u00e2teau Clerc Milon, nous contacter\",\"isPartOf\":{\"@id\":\"https:\/\/www.chateau-clerc-milon.com\/fr\/#website\"},\"datePublished\":\"2023-05-31T11:17:44+00:00\",\"dateModified\":\"2023-10-05T12:08:27+00:00\",\"description\":\"Pour contacter l'\u00e9quipe de Ch\u00e2teau Clerc Milon, veuillez remplir le formulaire de contact.\",\"breadcrumb\":{\"@id\":\"https:\/\/www.chateau-clerc-milon.com\/fr\/contact\/#breadcrumb\"},\"inLanguage\":\"fr-FR\",\"potentialAction\":[{\"@type\":\"ReadAction\",\"target\":[\"https:\/\/www.chateau-clerc-milon.com\/fr\/contact\/\"]}]},{\"@type\":\"BreadcrumbList\",\"@id\":\"https:\/\/www.chateau-clerc-milon.com\/fr\/contact\/#breadcrumb\",\"itemListElement\":[{\"@type\":\"ListItem\",\"position\":1,\"name\":\"Accueil\",\"item\":\"https:\/\/www.chateau-clerc-milon.com\/fr\/\"},{\"@type\":\"ListItem\",\"position\":2,\"name\":\"Contact\"}]},{\"@type\":\"WebSite\",\"@id\":\"https:\/\/www.chateau-clerc-milon.com\/fr\/#website\",\"url\":\"https:\/\/www.chateau-clerc-milon.com\/fr\/\",\"name\":\"Clerc Milon\",\"description\":\"\",\"potentialAction\":[{\"@type\":\"SearchAction\",\"target\":{\"@type\":\"EntryPoint\",\"urlTemplate\":\"https:\/\/www.chateau-clerc-milon.com\/fr\/?s={search_term_string}\"},\"query-input\":\"required name=search_term_string\"}],\"inLanguage\":\"fr-FR\"}]}<\/script>\n<!-- \/ Yoast SEO plugin. -->","yoast_head_json":{"title":"Ch\u00e2teau Clerc Milon, nous contacter","description":"Pour contacter l'\u00e9quipe de Ch\u00e2teau Clerc Milon, veuillez remplir le formulaire de contact.","robots":{"index":"index","follow":"follow","max-snippet":"max-snippet:-1","max-image-preview":"max-image-preview:large","max-video-preview":"max-video-preview:-1"},"canonical":"https:\/\/www.chateau-clerc-milon.com\/fr\/contact\/","og_locale":"fr_FR","og_type":"article","og_title":"Ch\u00e2teau Clerc Milon, nous contacter","og_description":"Pour contacter l'\u00e9quipe de Ch\u00e2teau Clerc Milon, veuillez remplir le formulaire de contact.","og_url":"https:\/\/www.chateau-clerc-milon.com\/fr\/contact\/","og_site_name":"Clerc Milon","article_modified_time":"2023-10-05T12:08:27+00:00","twitter_card":"summary_large_image","schema":{"@context":"https:\/\/schema.org","@graph":[{"@type":"WebPage","@id":"https:\/\/www.chateau-clerc-milon.com\/fr\/contact\/","url":"https:\/\/www.chateau-clerc-milon.com\/fr\/contact\/","name":"Ch\u00e2teau Clerc Milon, nous contacter","isPartOf":{"@id":"https:\/\/www.chateau-clerc-milon.com\/fr\/#website"},"datePublished":"2023-05-31T11:17:44+00:00","dateModified":"2023-10-05T12:08:27+00:00","description":"Pour contacter l'\u00e9quipe de Ch\u00e2teau Clerc Milon, veuillez remplir le formulaire de contact.","breadcrumb":{"@id":"https:\/\/www.chateau-clerc-milon.com\/fr\/contact\/#breadcrumb"},"inLanguage":"fr-FR","potentialAction":[{"@type":"ReadAction","target":["https:\/\/www.chateau-clerc-milon.com\/fr\/contact\/"]}]},{"@type":"BreadcrumbList","@id":"https:\/\/www.chateau-clerc-milon.com\/fr\/contact\/#breadcrumb","itemListElement":[{"@type":"ListItem","position":1,"name":"Accueil","item":"https:\/\/www.chateau-clerc-milon.com\/fr\/"},{"@type":"ListItem","position":2,"name":"Contact"}]},{"@type":"WebSite","@id":"https:\/\/www.chateau-clerc-milon.com\/fr\/#website","url":"https:\/\/www.chateau-clerc-milon.com\/fr\/","name":"Clerc Milon","description":"","potentialAction":[{"@type":"SearchAction","target":{"@type":"EntryPoint","urlTemplate":"https:\/\/www.chateau-clerc-milon.com\/fr\/?s={search_term_string}"},"query-input":"required name=search_term_string"}],"inLanguage":"fr-FR"}]}},"_links":{"self":[{"href":"https:\/\/www.chateau-clerc-milon.com\/fr\/wp-json\/wp\/v2\/pages\/42"}],"collection":[{"href":"https:\/\/www.chateau-clerc-milon.com\/fr\/wp-json\/wp\/v2\/pages"}],"about":[{"href":"https:\/\/www.chateau-clerc-milon.com\/fr\/wp-json\/wp\/v2\/types\/page"}],"author":[{"embeddable":true,"href":"https:\/\/www.chateau-clerc-milon.com\/fr\/wp-json\/wp\/v2\/users\/5"}],"replies":[{"embeddable":true,"href":"https:\/\/www.chateau-clerc-milon.com\/fr\/wp-json\/wp\/v2\/comments?post=42"}],"version-history":[{"count":2,"href":"https:\/\/www.chateau-clerc-milon.com\/fr\/wp-json\/wp\/v2\/pages\/42\/revisions"}],"predecessor-version":[{"id":1979,"href":"https:\/\/www.chateau-clerc-milon.com\/fr\/wp-json\/wp\/v2\/pages\/42\/revisions\/1979"}],"wp:attachment":[{"href":"https:\/\/www.chateau-clerc-milon.com\/fr\/wp-json\/wp\/v2\/media?parent=42"}],"curies":[{"name":"wp","href":"https:\/\/api.w.org\/{rel}","templated":true}]}}