{"id":40,"date":"2023-05-31T12:34:02","date_gmt":"2023-05-31T10:34:02","guid":{"rendered":"https:\/\/www.chateau-clerc-milon.com\/?page_id=40"},"modified":"2026-04-21T17:45:07","modified_gmt":"2026-04-21T15:45:07","slug":"mentions-legales","status":"publish","type":"page","link":"https:\/\/www.chateau-clerc-milon.com\/fr\/mentions-legales\/","title":{"rendered":"Mentions l\u00e9gales"},"content":{"rendered":"\n<section class=\"bg-gray-cl pb-30 pt-60 mainpolitique\">\n    <div class=\"container-fx\">\n        <div class=\"wp-txt\">\n            <h3>Information et alcool<\/h3>\n            <p>Baron Philippe de Rothschild S.A. tient \u00e0 jour le pr\u00e9sent site internet pour l\u2019usage personnel des personnes l\u00e9galement autoris\u00e9es \u00e0 consommer des boissons alcoolis\u00e9es, et ce dans les pays dans lesquels la consommation de boissons alcoolis\u00e9es est l\u00e9gale.<\/p>\n            <h3>COPYRIGHT<\/h3>\n            <p>\u00a92023 \u2013 Baron Philippe de Rothschild S.A.<\/p>\n            <h3>G\u00c9N\u00c9RALIT\u00c9S<\/h3>\n            <p>Baron Philippe de Rothschild S.A.\n                Soci\u00e9t\u00e9 Anonyme<br \/>\n                Capital : 6 250 000 \u20ac<br \/>\n                Si\u00e8ge social : rue de Grassi \u2013 33250 Pauillac<br \/>\n                T\u00e9l\u00e9phone : + 33 (0)5 56 73 20 20<br \/>\n                T\u00e9l\u00e9copie : + 33 (0)5 56 73 20 44<br \/>\n                RCS Bordeaux : B 459 202 644<br \/>\n                Pr\u00e9sident-Directeur G\u00e9n\u00e9ral : Philippe Sereys de Rothschild<br \/>\n                Direction G\u00e9n\u00e9rale : V\u00e9ronique Hombroekx, Ariane Khaida et Emmanuel Fourton<br \/>\n                Directeur de la publication : Ariane Khaida<\/p>\n            <h3>TOUS DROITS R\u00c9SERV\u00c9S<\/h3>\n            <p>Baron Philippe de Rothschild S.A. est l\u2019unique propri\u00e9taire des logotypes, droits d\u2019auteur et autres droits de propri\u00e9t\u00e9 intellectuelle et industrielle utilis\u00e9s dans son site. Toute utilisation non autoris\u00e9e de tout ou partie de ces droits par des tiers est susceptible de donner lieu \u00e0 des poursuites judiciaires.\n                <br \/>Ce site est r\u00e9alis\u00e9 et \u00e9dit\u00e9 par Baron Philippe de Rothschild S.A. Il est h\u00e9berg\u00e9 par la soci\u00e9t\u00e9 Systonic \u2013 Parc Magellan, 10 rue Thomas Edison \u2013 33600 PESSAC (Contact t\u00e9l\u00e9phonique : + 33 (0)5 57 26 44 44)\n            <\/p>\n            <h3>MARQUES<\/h3>\n            <p>Les marques et logotypes figurant sur ce site sont des marques de Baron Philippe de Rothschild S.A. et ne doivent pas \u00eatre utilis\u00e9s \u00e0 des fins publicitaires sans le consentement \u00e9crit pr\u00e9alable du propri\u00e9taire de la marque. Toute reproduction, totale ou partielle, tant en France qu\u2019\u00e0 l\u2019\u00e9tranger, de ce site, est rigoureusement interdite, compte tenu des dispositions l\u00e9gales en vigueur relatives \u00e0 la propri\u00e9t\u00e9 intellectuelle et artistique.<\/p>\n            <h3>LES LIENS<\/h3>\n            <p>Toute information concernant Baron Philippe de Rothschild S.A. de quelque nature que ce soit, se trouvant sur le r\u00e9seau Internet, en dehors de notre site, aura \u00e9t\u00e9 transmise sans notre autorisation et contr\u00f4le et ne saurait donc engager notre responsabilit\u00e9.<br \/>\n                Baron Philippe de Rothschild S.A. ne prend aucun engagement concernant tout autre site auquel vous pourriez avoir acc\u00e8s via le site Baron Philippe de Rothschild S.A. et n\u2019a aucun contr\u00f4le ni responsabilit\u00e9 quant au contenu des sites non Baron Philippe de Rothschild S.A..<br \/>\n                En aucun cas, Baron Philippe de Rothschild S.A. ne sera tenue responsable des dommages directs, indirects ou sp\u00e9ciaux r\u00e9sultant de l\u2019usage de ce site Internet ou d\u2019autres sites qui lui sont li\u00e9s, notamment tout pr\u00e9judice financier ou commercial, perte de programmes ou de donn\u00e9es dans votre syst\u00e8me d\u2019information ou autre, m\u00eame si Baron Philippe de Rothschild S.A. a eu connaissance de la possibilit\u00e9 de survenance de tels dommages.<\/p>\n        <\/div>\n    <\/div>\n<\/section>\n\n<section class=\"bg-gray-cl2  pb-30 pt-30 mainpolitique speclegal\">\n    <div class=\"container-fx\">\n        <div class=\"wp-txt\">\n            <h3>cr\u00e9dits<\/h3>\n            <p><strong>H\u00e9bergement :<\/strong><br \/>\n                Systonic \u2013 10 rue Thomas Edison \u2013 33600 PESSAC<\/p>\n            <p><strong>Conception : <\/strong><br \/>\n                L\u2019agence Bespoke (Nouvoduo SARL), Baron Philippe de Rothschild S.A.<\/p>\n            <p><strong>Photos :<\/strong><br \/>\n                Julie Rey, Mathieu Anglada (Saison d\u2019Or), Alain Beno\u00eet (Deepix), Baron Philippe de Rothschild S.A., Clerc Milon vers 1867 _ reproduction Adrienne Barroche _ Auteur Alfred Danflou copyright R\u00e9gion Nouvelle Aquitaine Inventaire G\u00e9n\u00e9ral du patrimoine culturel _ Conseil d\u00e9partemental de la Gironde<\/p>\n            <p><strong>Vid\u00e9os :<\/strong><br \/>\n                Saison d\u2019Or<\/p>\n<p><strong>License Apache :<\/strong><br \/>\n                Copyright [2023] [Baron Philippe de Rothschild S.A.]\nLicensed under the Apache License, Version 2.0 (the \u201cLicense\u201d); \nyou may not use this file except in compliance with the License. \nYou may obtain a copy of the License at \nhttp:\/\/www.apache.org\/licenses\/LICENSE-2.0\nUnless required by applicable law or agreed to in writing, software distributed under the License is distributed on an \u201cAI IS\u201d BASIS, WITHOUT WARRANTIES OR CONDITIONS OF ANY KIND, either express or implied. \nSee the License for the specific language governing permissions and limitations under the License. \n<\/p>\n        <\/div>\n    <\/div>\n<\/section>\n","protected":false},"excerpt":{"rendered":"<p>Information et alcool Baron Philippe de Rothschild S.A. tient \u00e0 jour le pr\u00e9sent site internet pour l\u2019usage personnel des personnes l\u00e9galement autoris\u00e9es \u00e0 consommer des boissons alcoolis\u00e9es, et ce dans les pays dans lesquels la consommation de boissons alcoolis\u00e9es est l\u00e9gale. COPYRIGHT \u00a92023 \u2013 Baron Philippe de Rothschild S.A. G\u00c9N\u00c9RALIT\u00c9S Baron Philippe de Rothschild S.A. [&hellip;]<\/p>\n","protected":false},"author":5,"featured_media":2019,"parent":0,"menu_order":0,"comment_status":"closed","ping_status":"closed","template":"","meta":{"inline_featured_image":false,"footnotes":""},"acf":[],"yoast_head":"<!-- This site is optimized with the Yoast SEO plugin v21.4 - https:\/\/yoast.com\/wordpress\/plugins\/seo\/ -->\n<title>Ch\u00e2teau Clerc Milon, les mentions l\u00e9gales<\/title>\n<meta name=\"description\" content=\"Consulter les mentions l\u00e9gales du site Internet de Ch\u00e2teau Clerc Milon\" \/>\n<meta name=\"robots\" content=\"index, follow, max-snippet:-1, max-image-preview:large, max-video-preview:-1\" \/>\n<link rel=\"canonical\" href=\"https:\/\/www.chateau-clerc-milon.com\/fr\/mentions-legales\/\" \/>\n<meta property=\"og:locale\" content=\"fr_FR\" \/>\n<meta property=\"og:type\" content=\"article\" \/>\n<meta property=\"og:title\" content=\"Ch\u00e2teau Clerc Milon, les mentions l\u00e9gales\" \/>\n<meta property=\"og:description\" content=\"Consulter les mentions l\u00e9gales du site Internet de Ch\u00e2teau Clerc Milon\" \/>\n<meta property=\"og:url\" content=\"https:\/\/www.chateau-clerc-milon.com\/fr\/mentions-legales\/\" \/>\n<meta property=\"og:site_name\" content=\"Clerc Milon\" \/>\n<meta property=\"article:modified_time\" content=\"2026-04-21T15:45:07+00:00\" \/>\n<meta property=\"og:image\" content=\"https:\/\/www.chateau-clerc-milon.com\/wp-content\/uploads\/2023\/08\/img-politique-scaled.jpg\" \/>\n\t<meta property=\"og:image:width\" content=\"2560\" \/>\n\t<meta property=\"og:image:height\" content=\"581\" \/>\n\t<meta property=\"og:image:type\" content=\"image\/jpeg\" \/>\n<meta name=\"twitter:card\" content=\"summary_large_image\" \/>\n<meta name=\"twitter:label1\" content=\"Dur\u00e9e de lecture estim\u00e9e\" \/>\n\t<meta name=\"twitter:data1\" content=\"3 minutes\" \/>\n<script type=\"application\/ld+json\" class=\"yoast-schema-graph\">{\"@context\":\"https:\/\/schema.org\",\"@graph\":[{\"@type\":\"WebPage\",\"@id\":\"https:\/\/www.chateau-clerc-milon.com\/fr\/mentions-legales\/\",\"url\":\"https:\/\/www.chateau-clerc-milon.com\/fr\/mentions-legales\/\",\"name\":\"Ch\u00e2teau Clerc Milon, les mentions l\u00e9gales\",\"isPartOf\":{\"@id\":\"https:\/\/www.chateau-clerc-milon.com\/fr\/#website\"},\"datePublished\":\"2023-05-31T10:34:02+00:00\",\"dateModified\":\"2026-04-21T15:45:07+00:00\",\"description\":\"Consulter les mentions l\u00e9gales du site Internet de Ch\u00e2teau Clerc Milon\",\"breadcrumb\":{\"@id\":\"https:\/\/www.chateau-clerc-milon.com\/fr\/mentions-legales\/#breadcrumb\"},\"inLanguage\":\"fr-FR\",\"potentialAction\":[{\"@type\":\"ReadAction\",\"target\":[\"https:\/\/www.chateau-clerc-milon.com\/fr\/mentions-legales\/\"]}]},{\"@type\":\"BreadcrumbList\",\"@id\":\"https:\/\/www.chateau-clerc-milon.com\/fr\/mentions-legales\/#breadcrumb\",\"itemListElement\":[{\"@type\":\"ListItem\",\"position\":1,\"name\":\"Accueil\",\"item\":\"https:\/\/www.chateau-clerc-milon.com\/fr\/\"},{\"@type\":\"ListItem\",\"position\":2,\"name\":\"Mentions l\u00e9gales\"}]},{\"@type\":\"WebSite\",\"@id\":\"https:\/\/www.chateau-clerc-milon.com\/fr\/#website\",\"url\":\"https:\/\/www.chateau-clerc-milon.com\/fr\/\",\"name\":\"Clerc Milon\",\"description\":\"\",\"potentialAction\":[{\"@type\":\"SearchAction\",\"target\":{\"@type\":\"EntryPoint\",\"urlTemplate\":\"https:\/\/www.chateau-clerc-milon.com\/fr\/?s={search_term_string}\"},\"query-input\":\"required name=search_term_string\"}],\"inLanguage\":\"fr-FR\"}]}<\/script>\n<!-- \/ Yoast SEO plugin. -->","yoast_head_json":{"title":"Ch\u00e2teau Clerc Milon, les mentions l\u00e9gales","description":"Consulter les mentions l\u00e9gales du site Internet de Ch\u00e2teau Clerc Milon","robots":{"index":"index","follow":"follow","max-snippet":"max-snippet:-1","max-image-preview":"max-image-preview:large","max-video-preview":"max-video-preview:-1"},"canonical":"https:\/\/www.chateau-clerc-milon.com\/fr\/mentions-legales\/","og_locale":"fr_FR","og_type":"article","og_title":"Ch\u00e2teau Clerc Milon, les mentions l\u00e9gales","og_description":"Consulter les mentions l\u00e9gales du site Internet de Ch\u00e2teau Clerc Milon","og_url":"https:\/\/www.chateau-clerc-milon.com\/fr\/mentions-legales\/","og_site_name":"Clerc Milon","article_modified_time":"2026-04-21T15:45:07+00:00","og_image":[{"width":2560,"height":581,"url":"https:\/\/www.chateau-clerc-milon.com\/wp-content\/uploads\/2023\/08\/img-politique-scaled.jpg","type":"image\/jpeg"}],"twitter_card":"summary_large_image","twitter_misc":{"Dur\u00e9e de lecture estim\u00e9e":"3 minutes"},"schema":{"@context":"https:\/\/schema.org","@graph":[{"@type":"WebPage","@id":"https:\/\/www.chateau-clerc-milon.com\/fr\/mentions-legales\/","url":"https:\/\/www.chateau-clerc-milon.com\/fr\/mentions-legales\/","name":"Ch\u00e2teau Clerc Milon, les mentions l\u00e9gales","isPartOf":{"@id":"https:\/\/www.chateau-clerc-milon.com\/fr\/#website"},"datePublished":"2023-05-31T10:34:02+00:00","dateModified":"2026-04-21T15:45:07+00:00","description":"Consulter les mentions l\u00e9gales du site Internet de Ch\u00e2teau Clerc Milon","breadcrumb":{"@id":"https:\/\/www.chateau-clerc-milon.com\/fr\/mentions-legales\/#breadcrumb"},"inLanguage":"fr-FR","potentialAction":[{"@type":"ReadAction","target":["https:\/\/www.chateau-clerc-milon.com\/fr\/mentions-legales\/"]}]},{"@type":"BreadcrumbList","@id":"https:\/\/www.chateau-clerc-milon.com\/fr\/mentions-legales\/#breadcrumb","itemListElement":[{"@type":"ListItem","position":1,"name":"Accueil","item":"https:\/\/www.chateau-clerc-milon.com\/fr\/"},{"@type":"ListItem","position":2,"name":"Mentions l\u00e9gales"}]},{"@type":"WebSite","@id":"https:\/\/www.chateau-clerc-milon.com\/fr\/#website","url":"https:\/\/www.chateau-clerc-milon.com\/fr\/","name":"Clerc Milon","description":"","potentialAction":[{"@type":"SearchAction","target":{"@type":"EntryPoint","urlTemplate":"https:\/\/www.chateau-clerc-milon.com\/fr\/?s={search_term_string}"},"query-input":"required name=search_term_string"}],"inLanguage":"fr-FR"}]}},"_links":{"self":[{"href":"https:\/\/www.chateau-clerc-milon.com\/fr\/wp-json\/wp\/v2\/pages\/40"}],"collection":[{"href":"https:\/\/www.chateau-clerc-milon.com\/fr\/wp-json\/wp\/v2\/pages"}],"about":[{"href":"https:\/\/www.chateau-clerc-milon.com\/fr\/wp-json\/wp\/v2\/types\/page"}],"author":[{"embeddable":true,"href":"https:\/\/www.chateau-clerc-milon.com\/fr\/wp-json\/wp\/v2\/users\/5"}],"replies":[{"embeddable":true,"href":"https:\/\/www.chateau-clerc-milon.com\/fr\/wp-json\/wp\/v2\/comments?post=40"}],"version-history":[{"count":7,"href":"https:\/\/www.chateau-clerc-milon.com\/fr\/wp-json\/wp\/v2\/pages\/40\/revisions"}],"predecessor-version":[{"id":8964,"href":"https:\/\/www.chateau-clerc-milon.com\/fr\/wp-json\/wp\/v2\/pages\/40\/revisions\/8964"}],"wp:featuredmedia":[{"embeddable":true,"href":"https:\/\/www.chateau-clerc-milon.com\/fr\/wp-json\/wp\/v2\/media\/2019"}],"wp:attachment":[{"href":"https:\/\/www.chateau-clerc-milon.com\/fr\/wp-json\/wp\/v2\/media?parent=40"}],"curies":[{"name":"wp","href":"https:\/\/api.w.org\/{rel}","templated":true}]}}