{"id":31,"date":"2023-05-26T15:30:08","date_gmt":"2023-05-26T13:30:08","guid":{"rendered":"https:\/\/www.chateau-clerc-milon.com\/?page_id=31"},"modified":"2023-10-14T07:33:02","modified_gmt":"2023-10-14T05:33:02","slug":"actualites","status":"publish","type":"page","link":"https:\/\/www.chateau-clerc-milon.com\/fr\/actualites\/","title":{"rendered":"L\u2019actualit\u00e9"},"content":{"rendered":"\n<h2 class=\"wp-block-heading\"><\/h2>\n","protected":false},"excerpt":{"rendered":"","protected":false},"author":5,"featured_media":312,"parent":0,"menu_order":0,"comment_status":"closed","ping_status":"closed","template":"templates\/tpl-actualites.php","meta":{"inline_featured_image":false,"footnotes":""},"acf":[],"yoast_head":"<!-- This site is optimized with the Yoast SEO plugin v21.4 - https:\/\/yoast.com\/wordpress\/plugins\/seo\/ -->\n<title>Ch\u00e2teau Clerc Milon les actualit\u00e9s<\/title>\n<meta name=\"description\" content=\"D\u00e9couvrez les derni\u00e8res actualit\u00e9s de Ch\u00e2teau Clerc Milon\" \/>\n<meta name=\"robots\" content=\"index, follow, max-snippet:-1, max-image-preview:large, max-video-preview:-1\" \/>\n<link rel=\"canonical\" href=\"https:\/\/www.chateau-clerc-milon.com\/fr\/actualites\/\" \/>\n<meta property=\"og:locale\" content=\"fr_FR\" \/>\n<meta property=\"og:type\" content=\"article\" \/>\n<meta property=\"og:title\" content=\"Ch\u00e2teau Clerc Milon les actualit\u00e9s\" \/>\n<meta property=\"og:description\" content=\"D\u00e9couvrez les derni\u00e8res actualit\u00e9s de Ch\u00e2teau Clerc Milon\" \/>\n<meta property=\"og:url\" content=\"https:\/\/www.chateau-clerc-milon.com\/fr\/actualites\/\" \/>\n<meta property=\"og:site_name\" content=\"Clerc Milon\" \/>\n<meta property=\"article:modified_time\" content=\"2023-10-14T05:33:02+00:00\" \/>\n<meta property=\"og:image\" content=\"https:\/\/www.chateau-clerc-milon.com\/wp-content\/uploads\/2023\/06\/banner-actus.png\" \/>\n\t<meta property=\"og:image:width\" content=\"1440\" \/>\n\t<meta property=\"og:image:height\" content=\"327\" \/>\n\t<meta property=\"og:image:type\" content=\"image\/png\" \/>\n<meta name=\"twitter:card\" content=\"summary_large_image\" \/>\n<script type=\"application\/ld+json\" class=\"yoast-schema-graph\">{\"@context\":\"https:\/\/schema.org\",\"@graph\":[{\"@type\":\"WebPage\",\"@id\":\"https:\/\/www.chateau-clerc-milon.com\/fr\/actualites\/\",\"url\":\"https:\/\/www.chateau-clerc-milon.com\/fr\/actualites\/\",\"name\":\"Ch\u00e2teau Clerc Milon les actualit\u00e9s\",\"isPartOf\":{\"@id\":\"https:\/\/www.chateau-clerc-milon.com\/fr\/#website\"},\"datePublished\":\"2023-05-26T13:30:08+00:00\",\"dateModified\":\"2023-10-14T05:33:02+00:00\",\"description\":\"D\u00e9couvrez les derni\u00e8res actualit\u00e9s de Ch\u00e2teau Clerc Milon\",\"breadcrumb\":{\"@id\":\"https:\/\/www.chateau-clerc-milon.com\/fr\/actualites\/#breadcrumb\"},\"inLanguage\":\"fr-FR\",\"potentialAction\":[{\"@type\":\"ReadAction\",\"target\":[\"https:\/\/www.chateau-clerc-milon.com\/fr\/actualites\/\"]}]},{\"@type\":\"BreadcrumbList\",\"@id\":\"https:\/\/www.chateau-clerc-milon.com\/fr\/actualites\/#breadcrumb\",\"itemListElement\":[{\"@type\":\"ListItem\",\"position\":1,\"name\":\"Accueil\",\"item\":\"https:\/\/www.chateau-clerc-milon.com\/fr\/\"},{\"@type\":\"ListItem\",\"position\":2,\"name\":\"L\u2019actualit\u00e9\"}]},{\"@type\":\"WebSite\",\"@id\":\"https:\/\/www.chateau-clerc-milon.com\/fr\/#website\",\"url\":\"https:\/\/www.chateau-clerc-milon.com\/fr\/\",\"name\":\"Clerc Milon\",\"description\":\"\",\"potentialAction\":[{\"@type\":\"SearchAction\",\"target\":{\"@type\":\"EntryPoint\",\"urlTemplate\":\"https:\/\/www.chateau-clerc-milon.com\/fr\/?s={search_term_string}\"},\"query-input\":\"required name=search_term_string\"}],\"inLanguage\":\"fr-FR\"}]}<\/script>\n<!-- \/ Yoast SEO plugin. -->","yoast_head_json":{"title":"Ch\u00e2teau Clerc Milon les actualit\u00e9s","description":"D\u00e9couvrez les derni\u00e8res actualit\u00e9s de Ch\u00e2teau Clerc Milon","robots":{"index":"index","follow":"follow","max-snippet":"max-snippet:-1","max-image-preview":"max-image-preview:large","max-video-preview":"max-video-preview:-1"},"canonical":"https:\/\/www.chateau-clerc-milon.com\/fr\/actualites\/","og_locale":"fr_FR","og_type":"article","og_title":"Ch\u00e2teau Clerc Milon les actualit\u00e9s","og_description":"D\u00e9couvrez les derni\u00e8res actualit\u00e9s de Ch\u00e2teau Clerc Milon","og_url":"https:\/\/www.chateau-clerc-milon.com\/fr\/actualites\/","og_site_name":"Clerc Milon","article_modified_time":"2023-10-14T05:33:02+00:00","og_image":[{"width":1440,"height":327,"url":"https:\/\/www.chateau-clerc-milon.com\/wp-content\/uploads\/2023\/06\/banner-actus.png","type":"image\/png"}],"twitter_card":"summary_large_image","schema":{"@context":"https:\/\/schema.org","@graph":[{"@type":"WebPage","@id":"https:\/\/www.chateau-clerc-milon.com\/fr\/actualites\/","url":"https:\/\/www.chateau-clerc-milon.com\/fr\/actualites\/","name":"Ch\u00e2teau Clerc Milon les actualit\u00e9s","isPartOf":{"@id":"https:\/\/www.chateau-clerc-milon.com\/fr\/#website"},"datePublished":"2023-05-26T13:30:08+00:00","dateModified":"2023-10-14T05:33:02+00:00","description":"D\u00e9couvrez les derni\u00e8res actualit\u00e9s de Ch\u00e2teau Clerc Milon","breadcrumb":{"@id":"https:\/\/www.chateau-clerc-milon.com\/fr\/actualites\/#breadcrumb"},"inLanguage":"fr-FR","potentialAction":[{"@type":"ReadAction","target":["https:\/\/www.chateau-clerc-milon.com\/fr\/actualites\/"]}]},{"@type":"BreadcrumbList","@id":"https:\/\/www.chateau-clerc-milon.com\/fr\/actualites\/#breadcrumb","itemListElement":[{"@type":"ListItem","position":1,"name":"Accueil","item":"https:\/\/www.chateau-clerc-milon.com\/fr\/"},{"@type":"ListItem","position":2,"name":"L\u2019actualit\u00e9"}]},{"@type":"WebSite","@id":"https:\/\/www.chateau-clerc-milon.com\/fr\/#website","url":"https:\/\/www.chateau-clerc-milon.com\/fr\/","name":"Clerc Milon","description":"","potentialAction":[{"@type":"SearchAction","target":{"@type":"EntryPoint","urlTemplate":"https:\/\/www.chateau-clerc-milon.com\/fr\/?s={search_term_string}"},"query-input":"required name=search_term_string"}],"inLanguage":"fr-FR"}]}},"_links":{"self":[{"href":"https:\/\/www.chateau-clerc-milon.com\/fr\/wp-json\/wp\/v2\/pages\/31"}],"collection":[{"href":"https:\/\/www.chateau-clerc-milon.com\/fr\/wp-json\/wp\/v2\/pages"}],"about":[{"href":"https:\/\/www.chateau-clerc-milon.com\/fr\/wp-json\/wp\/v2\/types\/page"}],"author":[{"embeddable":true,"href":"https:\/\/www.chateau-clerc-milon.com\/fr\/wp-json\/wp\/v2\/users\/5"}],"replies":[{"embeddable":true,"href":"https:\/\/www.chateau-clerc-milon.com\/fr\/wp-json\/wp\/v2\/comments?post=31"}],"version-history":[{"count":12,"href":"https:\/\/www.chateau-clerc-milon.com\/fr\/wp-json\/wp\/v2\/pages\/31\/revisions"}],"predecessor-version":[{"id":3060,"href":"https:\/\/www.chateau-clerc-milon.com\/fr\/wp-json\/wp\/v2\/pages\/31\/revisions\/3060"}],"wp:featuredmedia":[{"embeddable":true,"href":"https:\/\/www.chateau-clerc-milon.com\/fr\/wp-json\/wp\/v2\/media\/312"}],"wp:attachment":[{"href":"https:\/\/www.chateau-clerc-milon.com\/fr\/wp-json\/wp\/v2\/media?parent=31"}],"curies":[{"name":"wp","href":"https:\/\/api.w.org\/{rel}","templated":true}]}}