{"id":29,"date":"2023-05-26T15:28:10","date_gmt":"2023-05-26T13:28:10","guid":{"rendered":"https:\/\/www.chateau-clerc-milon.com\/?page_id=29"},"modified":"2024-01-16T10:44:04","modified_gmt":"2024-01-16T09:44:04","slug":"les-visites","status":"publish","type":"page","link":"https:\/\/www.chateau-clerc-milon.com\/fr\/les-visites\/","title":{"rendered":"Les visites"},"content":{"rendered":"","protected":false},"excerpt":{"rendered":"","protected":false},"author":5,"featured_media":0,"parent":0,"menu_order":0,"comment_status":"closed","ping_status":"closed","template":"templates\/tpl-visite.php","meta":{"inline_featured_image":false,"footnotes":""},"acf":[],"yoast_head":"<!-- This site is optimized with the Yoast SEO plugin v21.4 - https:\/\/yoast.com\/wordpress\/plugins\/seo\/ -->\n<title>Ch\u00e2teau Clerc Milon : d\u00e9couvrir et r\u00e9server une visite<\/title>\n<meta name=\"description\" content=\"Ch\u00e2teau Clerc Milon est ouvert aux visites. D\u00e9couvrez et r\u00e9servez une visite de la propri\u00e9t\u00e9 avec d\u00e9gustation des vins.\" \/>\n<meta name=\"robots\" content=\"index, follow, max-snippet:-1, max-image-preview:large, max-video-preview:-1\" \/>\n<link rel=\"canonical\" href=\"https:\/\/www.chateau-clerc-milon.com\/fr\/les-visites\/\" \/>\n<meta property=\"og:locale\" content=\"fr_FR\" \/>\n<meta property=\"og:type\" content=\"article\" \/>\n<meta property=\"og:title\" content=\"Ch\u00e2teau Clerc Milon : d\u00e9couvrir et r\u00e9server une visite\" \/>\n<meta property=\"og:description\" content=\"Ch\u00e2teau Clerc Milon est ouvert aux visites. D\u00e9couvrez et r\u00e9servez une visite de la propri\u00e9t\u00e9 avec d\u00e9gustation des vins.\" \/>\n<meta property=\"og:url\" content=\"https:\/\/www.chateau-clerc-milon.com\/fr\/les-visites\/\" \/>\n<meta property=\"og:site_name\" content=\"Clerc Milon\" \/>\n<meta property=\"article:modified_time\" content=\"2024-01-16T09:44:04+00:00\" \/>\n<meta name=\"twitter:card\" content=\"summary_large_image\" \/>\n<script type=\"application\/ld+json\" class=\"yoast-schema-graph\">{\"@context\":\"https:\/\/schema.org\",\"@graph\":[{\"@type\":\"WebPage\",\"@id\":\"https:\/\/www.chateau-clerc-milon.com\/fr\/les-visites\/\",\"url\":\"https:\/\/www.chateau-clerc-milon.com\/fr\/les-visites\/\",\"name\":\"Ch\u00e2teau Clerc Milon : d\u00e9couvrir et r\u00e9server une visite\",\"isPartOf\":{\"@id\":\"https:\/\/www.chateau-clerc-milon.com\/fr\/#website\"},\"datePublished\":\"2023-05-26T13:28:10+00:00\",\"dateModified\":\"2024-01-16T09:44:04+00:00\",\"description\":\"Ch\u00e2teau Clerc Milon est ouvert aux visites. D\u00e9couvrez et r\u00e9servez une visite de la propri\u00e9t\u00e9 avec d\u00e9gustation des vins.\",\"breadcrumb\":{\"@id\":\"https:\/\/www.chateau-clerc-milon.com\/fr\/les-visites\/#breadcrumb\"},\"inLanguage\":\"fr-FR\",\"potentialAction\":[{\"@type\":\"ReadAction\",\"target\":[\"https:\/\/www.chateau-clerc-milon.com\/fr\/les-visites\/\"]}]},{\"@type\":\"BreadcrumbList\",\"@id\":\"https:\/\/www.chateau-clerc-milon.com\/fr\/les-visites\/#breadcrumb\",\"itemListElement\":[{\"@type\":\"ListItem\",\"position\":1,\"name\":\"Accueil\",\"item\":\"https:\/\/www.chateau-clerc-milon.com\/fr\/\"},{\"@type\":\"ListItem\",\"position\":2,\"name\":\"Les visites\"}]},{\"@type\":\"WebSite\",\"@id\":\"https:\/\/www.chateau-clerc-milon.com\/fr\/#website\",\"url\":\"https:\/\/www.chateau-clerc-milon.com\/fr\/\",\"name\":\"Clerc Milon\",\"description\":\"\",\"potentialAction\":[{\"@type\":\"SearchAction\",\"target\":{\"@type\":\"EntryPoint\",\"urlTemplate\":\"https:\/\/www.chateau-clerc-milon.com\/fr\/?s={search_term_string}\"},\"query-input\":\"required name=search_term_string\"}],\"inLanguage\":\"fr-FR\"}]}<\/script>\n<!-- \/ Yoast SEO plugin. -->","yoast_head_json":{"title":"Ch\u00e2teau Clerc Milon : d\u00e9couvrir et r\u00e9server une visite","description":"Ch\u00e2teau Clerc Milon est ouvert aux visites. D\u00e9couvrez et r\u00e9servez une visite de la propri\u00e9t\u00e9 avec d\u00e9gustation des vins.","robots":{"index":"index","follow":"follow","max-snippet":"max-snippet:-1","max-image-preview":"max-image-preview:large","max-video-preview":"max-video-preview:-1"},"canonical":"https:\/\/www.chateau-clerc-milon.com\/fr\/les-visites\/","og_locale":"fr_FR","og_type":"article","og_title":"Ch\u00e2teau Clerc Milon : d\u00e9couvrir et r\u00e9server une visite","og_description":"Ch\u00e2teau Clerc Milon est ouvert aux visites. D\u00e9couvrez et r\u00e9servez une visite de la propri\u00e9t\u00e9 avec d\u00e9gustation des vins.","og_url":"https:\/\/www.chateau-clerc-milon.com\/fr\/les-visites\/","og_site_name":"Clerc Milon","article_modified_time":"2024-01-16T09:44:04+00:00","twitter_card":"summary_large_image","schema":{"@context":"https:\/\/schema.org","@graph":[{"@type":"WebPage","@id":"https:\/\/www.chateau-clerc-milon.com\/fr\/les-visites\/","url":"https:\/\/www.chateau-clerc-milon.com\/fr\/les-visites\/","name":"Ch\u00e2teau Clerc Milon : d\u00e9couvrir et r\u00e9server une visite","isPartOf":{"@id":"https:\/\/www.chateau-clerc-milon.com\/fr\/#website"},"datePublished":"2023-05-26T13:28:10+00:00","dateModified":"2024-01-16T09:44:04+00:00","description":"Ch\u00e2teau Clerc Milon est ouvert aux visites. D\u00e9couvrez et r\u00e9servez une visite de la propri\u00e9t\u00e9 avec d\u00e9gustation des vins.","breadcrumb":{"@id":"https:\/\/www.chateau-clerc-milon.com\/fr\/les-visites\/#breadcrumb"},"inLanguage":"fr-FR","potentialAction":[{"@type":"ReadAction","target":["https:\/\/www.chateau-clerc-milon.com\/fr\/les-visites\/"]}]},{"@type":"BreadcrumbList","@id":"https:\/\/www.chateau-clerc-milon.com\/fr\/les-visites\/#breadcrumb","itemListElement":[{"@type":"ListItem","position":1,"name":"Accueil","item":"https:\/\/www.chateau-clerc-milon.com\/fr\/"},{"@type":"ListItem","position":2,"name":"Les visites"}]},{"@type":"WebSite","@id":"https:\/\/www.chateau-clerc-milon.com\/fr\/#website","url":"https:\/\/www.chateau-clerc-milon.com\/fr\/","name":"Clerc Milon","description":"","potentialAction":[{"@type":"SearchAction","target":{"@type":"EntryPoint","urlTemplate":"https:\/\/www.chateau-clerc-milon.com\/fr\/?s={search_term_string}"},"query-input":"required name=search_term_string"}],"inLanguage":"fr-FR"}]}},"_links":{"self":[{"href":"https:\/\/www.chateau-clerc-milon.com\/fr\/wp-json\/wp\/v2\/pages\/29"}],"collection":[{"href":"https:\/\/www.chateau-clerc-milon.com\/fr\/wp-json\/wp\/v2\/pages"}],"about":[{"href":"https:\/\/www.chateau-clerc-milon.com\/fr\/wp-json\/wp\/v2\/types\/page"}],"author":[{"embeddable":true,"href":"https:\/\/www.chateau-clerc-milon.com\/fr\/wp-json\/wp\/v2\/users\/5"}],"replies":[{"embeddable":true,"href":"https:\/\/www.chateau-clerc-milon.com\/fr\/wp-json\/wp\/v2\/comments?post=29"}],"version-history":[{"count":81,"href":"https:\/\/www.chateau-clerc-milon.com\/fr\/wp-json\/wp\/v2\/pages\/29\/revisions"}],"predecessor-version":[{"id":3969,"href":"https:\/\/www.chateau-clerc-milon.com\/fr\/wp-json\/wp\/v2\/pages\/29\/revisions\/3969"}],"wp:attachment":[{"href":"https:\/\/www.chateau-clerc-milon.com\/fr\/wp-json\/wp\/v2\/media?parent=29"}],"curies":[{"name":"wp","href":"https:\/\/api.w.org\/{rel}","templated":true}]}}