{"id":22,"date":"2023-05-23T16:25:43","date_gmt":"2023-05-23T14:25:43","guid":{"rendered":"https:\/\/www.chateau-clerc-milon.com\/?page_id=22"},"modified":"2023-10-25T13:59:42","modified_gmt":"2023-10-25T11:59:42","slug":"histoire-culture","status":"publish","type":"page","link":"https:\/\/www.chateau-clerc-milon.com\/fr\/histoire-culture\/","title":{"rendered":"Histoire &#038; Culture"},"content":{"rendered":"","protected":false},"excerpt":{"rendered":"","protected":false},"author":5,"featured_media":0,"parent":0,"menu_order":0,"comment_status":"closed","ping_status":"closed","template":"templates\/tpl-histoire.php","meta":{"inline_featured_image":false,"footnotes":""},"acf":[],"yoast_head":"<!-- This site is optimized with the Yoast SEO plugin v21.4 - https:\/\/yoast.com\/wordpress\/plugins\/seo\/ -->\n<title>Ch\u00e2teau Clerc Milon Histoire &amp; Culture<\/title>\n<meta name=\"description\" content=\"Ch\u00e2teau Clerc Milon, l&#039;histoire et la culture : les dates-cl\u00e9s de la propri\u00e9t\u00e9, l&#039;\u00e9volution de l&#039;\u00e9tiquette, le lien avec les arts de la sc\u00e8ne.\" \/>\n<meta name=\"robots\" content=\"index, follow, max-snippet:-1, max-image-preview:large, max-video-preview:-1\" \/>\n<link rel=\"canonical\" href=\"https:\/\/www.chateau-clerc-milon.com\/fr\/histoire-culture\/\" \/>\n<meta property=\"og:locale\" content=\"fr_FR\" \/>\n<meta property=\"og:type\" content=\"article\" \/>\n<meta property=\"og:title\" content=\"Ch\u00e2teau Clerc Milon Histoire &amp; Culture\" \/>\n<meta property=\"og:description\" content=\"Ch\u00e2teau Clerc Milon, l&#039;histoire et la culture : les dates-cl\u00e9s de la propri\u00e9t\u00e9, l&#039;\u00e9volution de l&#039;\u00e9tiquette, le lien avec les arts de la sc\u00e8ne.\" \/>\n<meta property=\"og:url\" content=\"https:\/\/www.chateau-clerc-milon.com\/fr\/histoire-culture\/\" \/>\n<meta property=\"og:site_name\" content=\"Clerc Milon\" \/>\n<meta property=\"article:modified_time\" content=\"2023-10-25T11:59:42+00:00\" \/>\n<meta name=\"twitter:card\" content=\"summary_large_image\" \/>\n<script type=\"application\/ld+json\" class=\"yoast-schema-graph\">{\"@context\":\"https:\/\/schema.org\",\"@graph\":[{\"@type\":\"WebPage\",\"@id\":\"https:\/\/www.chateau-clerc-milon.com\/fr\/histoire-culture\/\",\"url\":\"https:\/\/www.chateau-clerc-milon.com\/fr\/histoire-culture\/\",\"name\":\"Ch\u00e2teau Clerc Milon Histoire & Culture\",\"isPartOf\":{\"@id\":\"https:\/\/www.chateau-clerc-milon.com\/fr\/#website\"},\"datePublished\":\"2023-05-23T14:25:43+00:00\",\"dateModified\":\"2023-10-25T11:59:42+00:00\",\"description\":\"Ch\u00e2teau Clerc Milon, l'histoire et la culture : les dates-cl\u00e9s de la propri\u00e9t\u00e9, l'\u00e9volution de l'\u00e9tiquette, le lien avec les arts de la sc\u00e8ne.\",\"breadcrumb\":{\"@id\":\"https:\/\/www.chateau-clerc-milon.com\/fr\/histoire-culture\/#breadcrumb\"},\"inLanguage\":\"fr-FR\",\"potentialAction\":[{\"@type\":\"ReadAction\",\"target\":[\"https:\/\/www.chateau-clerc-milon.com\/fr\/histoire-culture\/\"]}]},{\"@type\":\"BreadcrumbList\",\"@id\":\"https:\/\/www.chateau-clerc-milon.com\/fr\/histoire-culture\/#breadcrumb\",\"itemListElement\":[{\"@type\":\"ListItem\",\"position\":1,\"name\":\"Accueil\",\"item\":\"https:\/\/www.chateau-clerc-milon.com\/fr\/\"},{\"@type\":\"ListItem\",\"position\":2,\"name\":\"Histoire &#038; Culture\"}]},{\"@type\":\"WebSite\",\"@id\":\"https:\/\/www.chateau-clerc-milon.com\/fr\/#website\",\"url\":\"https:\/\/www.chateau-clerc-milon.com\/fr\/\",\"name\":\"Clerc Milon\",\"description\":\"\",\"potentialAction\":[{\"@type\":\"SearchAction\",\"target\":{\"@type\":\"EntryPoint\",\"urlTemplate\":\"https:\/\/www.chateau-clerc-milon.com\/fr\/?s={search_term_string}\"},\"query-input\":\"required name=search_term_string\"}],\"inLanguage\":\"fr-FR\"}]}<\/script>\n<!-- \/ Yoast SEO plugin. -->","yoast_head_json":{"title":"Ch\u00e2teau Clerc Milon Histoire & Culture","description":"Ch\u00e2teau Clerc Milon, l'histoire et la culture : les dates-cl\u00e9s de la propri\u00e9t\u00e9, l'\u00e9volution de l'\u00e9tiquette, le lien avec les arts de la sc\u00e8ne.","robots":{"index":"index","follow":"follow","max-snippet":"max-snippet:-1","max-image-preview":"max-image-preview:large","max-video-preview":"max-video-preview:-1"},"canonical":"https:\/\/www.chateau-clerc-milon.com\/fr\/histoire-culture\/","og_locale":"fr_FR","og_type":"article","og_title":"Ch\u00e2teau Clerc Milon Histoire & Culture","og_description":"Ch\u00e2teau Clerc Milon, l'histoire et la culture : les dates-cl\u00e9s de la propri\u00e9t\u00e9, l'\u00e9volution de l'\u00e9tiquette, le lien avec les arts de la sc\u00e8ne.","og_url":"https:\/\/www.chateau-clerc-milon.com\/fr\/histoire-culture\/","og_site_name":"Clerc Milon","article_modified_time":"2023-10-25T11:59:42+00:00","twitter_card":"summary_large_image","schema":{"@context":"https:\/\/schema.org","@graph":[{"@type":"WebPage","@id":"https:\/\/www.chateau-clerc-milon.com\/fr\/histoire-culture\/","url":"https:\/\/www.chateau-clerc-milon.com\/fr\/histoire-culture\/","name":"Ch\u00e2teau Clerc Milon Histoire & Culture","isPartOf":{"@id":"https:\/\/www.chateau-clerc-milon.com\/fr\/#website"},"datePublished":"2023-05-23T14:25:43+00:00","dateModified":"2023-10-25T11:59:42+00:00","description":"Ch\u00e2teau Clerc Milon, l'histoire et la culture : les dates-cl\u00e9s de la propri\u00e9t\u00e9, l'\u00e9volution de l'\u00e9tiquette, le lien avec les arts de la sc\u00e8ne.","breadcrumb":{"@id":"https:\/\/www.chateau-clerc-milon.com\/fr\/histoire-culture\/#breadcrumb"},"inLanguage":"fr-FR","potentialAction":[{"@type":"ReadAction","target":["https:\/\/www.chateau-clerc-milon.com\/fr\/histoire-culture\/"]}]},{"@type":"BreadcrumbList","@id":"https:\/\/www.chateau-clerc-milon.com\/fr\/histoire-culture\/#breadcrumb","itemListElement":[{"@type":"ListItem","position":1,"name":"Accueil","item":"https:\/\/www.chateau-clerc-milon.com\/fr\/"},{"@type":"ListItem","position":2,"name":"Histoire &#038; Culture"}]},{"@type":"WebSite","@id":"https:\/\/www.chateau-clerc-milon.com\/fr\/#website","url":"https:\/\/www.chateau-clerc-milon.com\/fr\/","name":"Clerc Milon","description":"","potentialAction":[{"@type":"SearchAction","target":{"@type":"EntryPoint","urlTemplate":"https:\/\/www.chateau-clerc-milon.com\/fr\/?s={search_term_string}"},"query-input":"required name=search_term_string"}],"inLanguage":"fr-FR"}]}},"_links":{"self":[{"href":"https:\/\/www.chateau-clerc-milon.com\/fr\/wp-json\/wp\/v2\/pages\/22"}],"collection":[{"href":"https:\/\/www.chateau-clerc-milon.com\/fr\/wp-json\/wp\/v2\/pages"}],"about":[{"href":"https:\/\/www.chateau-clerc-milon.com\/fr\/wp-json\/wp\/v2\/types\/page"}],"author":[{"embeddable":true,"href":"https:\/\/www.chateau-clerc-milon.com\/fr\/wp-json\/wp\/v2\/users\/5"}],"replies":[{"embeddable":true,"href":"https:\/\/www.chateau-clerc-milon.com\/fr\/wp-json\/wp\/v2\/comments?post=22"}],"version-history":[{"count":78,"href":"https:\/\/www.chateau-clerc-milon.com\/fr\/wp-json\/wp\/v2\/pages\/22\/revisions"}],"predecessor-version":[{"id":3801,"href":"https:\/\/www.chateau-clerc-milon.com\/fr\/wp-json\/wp\/v2\/pages\/22\/revisions\/3801"}],"wp:attachment":[{"href":"https:\/\/www.chateau-clerc-milon.com\/fr\/wp-json\/wp\/v2\/media?parent=22"}],"curies":[{"name":"wp","href":"https:\/\/api.w.org\/{rel}","templated":true}]}}